{"id":6006,"date":"2025-07-18T11:47:44","date_gmt":"2025-07-18T09:47:44","guid":{"rendered":"https:\/\/texpol.info\/%d1%80%d0%b5%d0%b3%d0%bb%d0%b0%d0%bc%d0%b5%d0%bd%d1%82-%d1%82%d0%be%d1%80%d0%b3%d0%be%d0%b2%d0%be%d0%b3%d0%be-%d0%bc%d0%b0%d0%b9%d0%b4%d0%b0%d0%bd%d1%87%d0%b8%d0%ba%d0%b0-b2b-texpol-info\/"},"modified":"2025-07-18T11:50:14","modified_gmt":"2025-07-18T09:50:14","slug":"i%d0%bd%d1%84%d0%be%d1%80%d0%bc%d0%b0%d1%86%d1%96%d0%b9%d0%bd%d0%b5-%d0%bf%d0%be%d0%b2%d1%96%d0%b4%d0%be%d0%bc%d0%bb%d0%b5%d0%bd%d0%bd%d1%8f","status":"publish","type":"page","link":"https:\/\/texpol.info\/uk\/i%d0%bd%d1%84%d0%be%d1%80%d0%bc%d0%b0%d1%86%d1%96%d0%b9%d0%bd%d0%b5-%d0%bf%d0%be%d0%b2%d1%96%d0%b4%d0%be%d0%bc%d0%bb%d0%b5%d0%bd%d0%bd%d1%8f\/","title":{"rendered":"\u0406\u043d\u0444\u043e\u0440\u043c\u0430\u0446\u0456\u0439\u043d\u0435 \u043f\u043e\u0432\u0456\u0434\u043e\u043c\u043b\u0435\u043d\u043d\u044f"},"content":{"rendered":"<h2>I. \u041a\u043e\u043d\u0442\u0430\u043a\u0442\u043d\u0456 \u0434\u0430\u043d\u0456 \u0430\u0434\u043c\u0456\u043d\u0456\u0441\u0442\u0440\u0430\u0442\u043e\u0440\u0430<\/h2>\n<p>\u0410\u0434\u043c\u0456\u043d\u0456\u0441\u0442\u0440\u0430\u0442\u043e\u0440\u043e\u043c \u0412\u0430\u0448\u0438\u0445 \u043f\u0435\u0440\u0441\u043e\u043d\u0430\u043b\u044c\u043d\u0438\u0445 \u0434\u0430\u043d\u0438\u0445 \u0454 <strong>Texpol Dystrybucja Sp\u00f3\u0142ka z ograniczon\u0105 odpowiedzialno\u015bci\u0105 Sp\u00f3\u0142ka komandytowa<\/strong> \u0437 \u043c\u0456\u0441\u0446\u0435\u0437\u043d\u0430\u0445\u043e\u0434\u0436\u0435\u043d\u043d\u044f\u043c \u0443 \u0425\u0430\u043b\u0443\u043f\u043a\u0430\u0445-\u0414\u0435\u043c\u0431\u043d\u044f\u043d\u0441\u044c\u043a\u0438\u0445, Cha\u0142upki D\u0119bnia\u0144skie 246, 37-305 D\u0119bno, \u0437\u0430\u0440\u0435\u0454\u0441\u0442\u0440\u043e\u0432\u0430\u043d\u0438\u043c \u0443 \u041d\u0430\u0446\u0456\u043e\u043d\u0430\u043b\u044c\u043d\u043e\u043c\u0443 \u0441\u0443\u0434\u043e\u0432\u043e\u043c\u0443 \u0440\u0435\u0454\u0441\u0442\u0440\u0456 \u041e\u043a\u0440\u0443\u0436\u043d\u043e\u0433\u043e \u0441\u0443\u0434\u0443 \u0432 \u0416\u0435\u0448\u0443\u0432\u0456 \u043f\u0456\u0434 \u043d\u043e\u043c\u0435\u0440\u043e\u043c <strong>0000535707<\/strong>.<\/p>\n<h2>II. \u041c\u0435\u0442\u0430 \u043e\u0431\u0440\u043e\u0431\u043a\u0438 \u043f\u0435\u0440\u0441\u043e\u043d\u0430\u043b\u044c\u043d\u0438\u0445 \u0434\u0430\u043d\u0438\u0445<\/h2>\n<p>\u041d\u0430\u0434\u0430\u043d\u043d\u044f \u043f\u0435\u0440\u0441\u043e\u043d\u0430\u043b\u044c\u043d\u0438\u0445 \u0434\u0430\u043d\u0438\u0445 \u0454 <strong>\u0434\u043e\u0431\u0440\u043e\u0432\u0456\u043b\u044c\u043d\u0438\u043c<\/strong>, \u0430\u043b\u0435 \u043d\u0435\u043e\u0431\u0445\u0456\u0434\u043d\u0438\u043c \u0434\u043b\u044f \u0443\u043a\u043b\u0430\u0434\u0435\u043d\u043d\u044f \u0456 \u0432\u0438\u043a\u043e\u043d\u0430\u043d\u043d\u044f \u0434\u043e\u0433\u043e\u0432\u043e\u0440\u0443 \u043a\u0443\u043f\u0456\u0432\u043b\u0456-\u043f\u0440\u043e\u0434\u0430\u0436\u0443, \u0430 \u0442\u0430\u043a\u043e\u0436 \u0434\u043b\u044f \u0432\u043b\u0430\u0441\u043d\u043e\u0433\u043e \u043c\u0430\u0440\u043a\u0435\u0442\u0438\u043d\u0433\u0443.<\/p>\n<p>\u0412\u0430\u0448\u0456 \u0434\u0430\u043d\u0456 \u043e\u0431\u0440\u043e\u0431\u043b\u044f\u044e\u0442\u044c\u0441\u044f:<\/p>\n<ol>\n<li>\u041d\u0430 \u043f\u0456\u0434\u0441\u0442\u0430\u0432\u0456 \u0441\u0442. 6 \u043f. 1 \u043b\u0456\u0442. b) \u0456 c) GDPR \u0437 \u043c\u0435\u0442\u043e\u044e:\n<ul>\n<li>\u0443\u043a\u043b\u0430\u0434\u0435\u043d\u043d\u044f \u0442\u0430 \u0440\u0435\u0430\u043b\u0456\u0437\u0430\u0446\u0456\u0457 \u0434\u043e\u0433\u043e\u0432\u043e\u0440\u0443 \u043a\u0443\u043f\u0456\u0432\u043b\u0456-\u043f\u0440\u043e\u0434\u0430\u0436\u0443, \u043e\u0431\u0440\u043e\u0431\u043a\u0438 \u0437\u0430\u043c\u043e\u0432\u043b\u0435\u043d\u044c, \u0441\u043a\u0430\u0440\u0433 \u0456 \u043f\u0440\u0435\u0442\u0435\u043d\u0437\u0456\u0439,<\/li>\n<li>\u0432\u0438\u043a\u043e\u043d\u0430\u043d\u043d\u044f \u044e\u0440\u0438\u0434\u0438\u0447\u043d\u0438\u0445 \u0437\u043e\u0431\u043e\u0432\u2019\u044f\u0437\u0430\u043d\u044c, \u044f\u043a\u0456 \u043f\u043e\u043a\u043b\u0430\u0434\u0435\u043d\u0456 \u043d\u0430 \u0430\u0434\u043c\u0456\u043d\u0456\u0441\u0442\u0440\u0430\u0442\u043e\u0440\u0430.<\/li>\n<\/ul>\n<\/li>\n<li>\u041d\u0430 \u043f\u0456\u0434\u0441\u0442\u0430\u0432\u0456 \u0437\u0430\u043a\u043e\u043d\u043d\u043e\u0433\u043e \u0456\u043d\u0442\u0435\u0440\u0435\u0441\u0443 \u0430\u0434\u043c\u0456\u043d\u0456\u0441\u0442\u0440\u0430\u0442\u043e\u0440\u0430 (\u0441\u0442. 6 \u043f. 1 \u043b\u0456\u0442. f) GDPR) \u0437 \u043c\u0435\u0442\u043e\u044e:\n<ul>\n<li>\u043c\u0430\u0440\u043a\u0435\u0442\u0438\u043d\u0433\u0443 \u0432\u043b\u0430\u0441\u043d\u0438\u0445 \u0442\u043e\u0432\u0430\u0440\u0456\u0432 \u0430\u0431\u043e \u043f\u043e\u0441\u043b\u0443\u0433,<\/li>\n<li>\u043e\u0440\u0433\u0430\u043d\u0456\u0437\u0430\u0446\u0456\u0457 \u043e\u043f\u0438\u0442\u0443\u0432\u0430\u043d\u044c \u0456 \u043c\u0430\u0440\u043a\u0435\u0442\u0438\u043d\u0433\u043e\u0432\u0438\u0445 \u0430\u043a\u0446\u0456\u0439,<\/li>\n<li>\u043f\u0440\u0435\u0434\u2019\u044f\u0432\u043b\u0435\u043d\u043d\u044f \u0430\u0431\u043e \u0437\u0430\u0431\u0435\u0437\u043f\u0435\u0447\u0435\u043d\u043d\u044f \u0432\u0438\u043c\u043e\u0433,<\/li>\n<li>\u0430\u043d\u0430\u043b\u0456\u0437\u0443 \u044f\u043a\u043e\u0441\u0442\u0456 \u043d\u0430\u0434\u0430\u043d\u0438\u0445 \u043f\u043e\u0441\u043b\u0443\u0433 \u0456 \u0442\u043e\u0432\u0430\u0440\u0456\u0432.<\/li>\n<\/ul>\n<\/li>\n<\/ol>\n<h2>III. \u041e\u0434\u0435\u0440\u0436\u0443\u0432\u0430\u0447\u0456 \u043f\u0435\u0440\u0441\u043e\u043d\u0430\u043b\u044c\u043d\u0438\u0445 \u0434\u0430\u043d\u0438\u0445<\/h2>\n<p>\u041e\u0434\u0435\u0440\u0436\u0443\u0432\u0430\u0447\u0430\u043c\u0438 \u0412\u0430\u0448\u0438\u0445 \u043f\u0435\u0440\u0441\u043e\u043d\u0430\u043b\u044c\u043d\u0438\u0445 \u0434\u0430\u043d\u0438\u0445 \u043c\u043e\u0436\u0443\u0442\u044c \u0431\u0443\u0442\u0438, \u0437\u043e\u043a\u0440\u0435\u043c\u0430:<\/p>\n<ul>\n<li>\u043e\u0441\u043e\u0431\u0438 \u0430\u0431\u043e \u0441\u0443\u0431\u2019\u0454\u043a\u0442\u0438, \u0437 \u044f\u043a\u0438\u043c\u0438 \u0443\u043a\u043b\u0430\u0434\u0435\u043d\u043e \u0443\u0433\u043e\u0434\u0443 \u043f\u0440\u043e \u0434\u043e\u0440\u0443\u0447\u0435\u043d\u043d\u044f \u043e\u0431\u0440\u043e\u0431\u043a\u0438 \u0434\u0430\u043d\u0438\u0445,<\/li>\n<li>\u0456\u043d\u0448\u0456 \u0444\u0456\u0437\u0438\u0447\u043d\u0456 \u043e\u0441\u043e\u0431\u0438, \u043a\u043e\u043c\u043f\u0430\u043d\u0456\u0457 \u0430\u0431\u043e \u0443\u0441\u0442\u0430\u043d\u043e\u0432\u0438, \u0443\u043f\u043e\u0432\u043d\u043e\u0432\u0430\u0436\u0435\u043d\u0456 \u0437\u0430\u043a\u043e\u043d\u043e\u0434\u0430\u0432\u0441\u0442\u0432\u043e\u043c (\u043d\u0430\u043f\u0440\u0438\u043a\u043b\u0430\u0434, ZUS, US).<\/li>\n<\/ul>\n<h2>IV. \u041f\u0435\u0440\u0456\u043e\u0434 \u0437\u0431\u0435\u0440\u0456\u0433\u0430\u043d\u043d\u044f \u0434\u0430\u043d\u0438\u0445<\/h2>\n<p>\u0412\u0430\u0448\u0456 \u043f\u0435\u0440\u0441\u043e\u043d\u0430\u043b\u044c\u043d\u0456 \u0434\u0430\u043d\u0456 \u0431\u0443\u0434\u0443\u0442\u044c \u0437\u0431\u0435\u0440\u0456\u0433\u0430\u0442\u0438\u0441\u044f \u043f\u0440\u043e\u0442\u044f\u0433\u043e\u043c \u043f\u0435\u0440\u0456\u043e\u0434\u0443, \u043f\u0435\u0440\u0435\u0434\u0431\u0430\u0447\u0435\u043d\u043e\u0433\u043e \u0447\u0438\u043d\u043d\u0438\u043c \u0437\u0430\u043a\u043e\u043d\u043e\u0434\u0430\u0432\u0441\u0442\u0432\u043e\u043c, \u0430 \u0442\u0430\u043a\u043e\u0436 \u043f\u0440\u043e\u0442\u044f\u0433\u043e\u043c \u0441\u0442\u0440\u043e\u043a\u0443 \u043f\u043e\u0437\u043e\u0432\u043d\u043e\u0457 \u0434\u0430\u0432\u043d\u043e\u0441\u0442\u0456, \u043f\u043e\u0432\u2019\u044f\u0437\u0430\u043d\u043e\u0433\u043e \u0437 \u0432\u0438\u043a\u043e\u043d\u0430\u043d\u043d\u044f\u043c \u0434\u043e\u0433\u043e\u0432\u043e\u0440\u0443 \u0430\u0431\u043e \u0437\u0430\u043c\u043e\u0432\u043b\u0435\u043d\u043d\u044f.<\/p>\n<h2>V. \u041f\u0440\u0430\u0432\u0430 \u0441\u0443\u0431\u2019\u0454\u043a\u0442\u0430 \u043f\u0435\u0440\u0441\u043e\u043d\u0430\u043b\u044c\u043d\u0438\u0445 \u0434\u0430\u043d\u0438\u0445<\/h2>\n<p>\u0412\u0438 \u043c\u0430\u0454\u0442\u0435 \u043f\u0440\u0430\u0432\u043e \u043d\u0430:<\/p>\n<ul>\n<li>\u0434\u043e\u0441\u0442\u0443\u043f \u0434\u043e \u0441\u0432\u043e\u0457\u0445 \u0434\u0430\u043d\u0438\u0445,<\/li>\n<li>\u0432\u0438\u043f\u0440\u0430\u0432\u043b\u0435\u043d\u043d\u044f, \u0432\u0438\u0434\u0430\u043b\u0435\u043d\u043d\u044f \u0430\u0431\u043e \u043e\u0431\u043c\u0435\u0436\u0435\u043d\u043d\u044f \u043e\u0431\u0440\u043e\u0431\u043a\u0438,<\/li>\n<li>\u0437\u0430\u043f\u0435\u0440\u0435\u0447\u0435\u043d\u043d\u044f \u043f\u0440\u043e\u0442\u0438 \u043e\u0431\u0440\u043e\u0431\u043a\u0438,<\/li>\n<li>\u043f\u0435\u0440\u0435\u043d\u0435\u0441\u0435\u043d\u043d\u044f \u0434\u0430\u043d\u0438\u0445,<\/li>\n<li>\u0432\u0456\u0434\u043a\u043b\u0438\u043a\u0430\u043d\u043d\u044f \u0437\u0433\u043e\u0434\u0438 \u0432 \u0431\u0443\u0434\u044c-\u044f\u043a\u0438\u0439 \u043c\u043e\u043c\u0435\u043d\u0442 (\u0432\u0456\u0434\u043a\u043b\u0438\u043a\u0430\u043d\u043d\u044f \u043d\u0435 \u0432\u043f\u043b\u0438\u0432\u0430\u0454 \u043d\u0430 \u0437\u0430\u043a\u043e\u043d\u043d\u0456\u0441\u0442\u044c \u043e\u0431\u0440\u043e\u0431\u043a\u0438 \u0434\u043e \u043c\u043e\u043c\u0435\u043d\u0442\u0443 \u0432\u0456\u0434\u043a\u043b\u0438\u043a\u0430\u043d\u043d\u044f).<\/li>\n<\/ul>\n<h2>VI. \u0421\u043a\u0430\u0440\u0433\u0430 \u0434\u043e \u043d\u0430\u0433\u043b\u044f\u0434\u043e\u0432\u043e\u0433\u043e \u043e\u0440\u0433\u0430\u043d\u0443<\/h2>\n<p>\u0423 \u0440\u0430\u0437\u0456 \u043f\u043e\u0440\u0443\u0448\u0435\u043d\u043d\u044f \u0412\u0430\u0448\u0438\u0445 \u043f\u0440\u0430\u0432, \u043f\u043e\u0432\u2019\u044f\u0437\u0430\u043d\u0438\u0445 \u0437 \u043e\u0431\u0440\u043e\u0431\u043a\u043e\u044e \u043f\u0435\u0440\u0441\u043e\u043d\u0430\u043b\u044c\u043d\u0438\u0445 \u0434\u0430\u043d\u0438\u0445, \u0412\u0438 \u043c\u0430\u0454\u0442\u0435 \u043f\u0440\u0430\u0432\u043e \u043f\u043e\u0434\u0430\u0442\u0438 \u0441\u043a\u0430\u0440\u0433\u0443 \u0434\u043e \u0413\u043e\u043b\u043e\u0432\u0438 \u0423\u043f\u0440\u0430\u0432\u043b\u0456\u043d\u043d\u044f \u0456\u0437 \u0437\u0430\u0445\u0438\u0441\u0442\u0443 \u043f\u0435\u0440\u0441\u043e\u043d\u0430\u043b\u044c\u043d\u0438\u0445 \u0434\u0430\u043d\u0438\u0445 \u0443 \u0412\u0430\u0440\u0448\u0430\u0432\u0456.<\/p>\n<h2>VII. \u0410\u0432\u0442\u043e\u043c\u0430\u0442\u0438\u0437\u043e\u0432\u0430\u043d\u0435 \u043f\u0440\u0438\u0439\u043d\u044f\u0442\u0442\u044f \u0440\u0456\u0448\u0435\u043d\u044c<\/h2>\n<p>\u0412\u0430\u0448\u0456 \u0434\u0430\u043d\u0456 \u043d\u0435 \u0431\u0443\u0434\u0443\u0442\u044c \u043f\u0456\u0434\u043b\u044f\u0433\u0430\u0442\u0438 \u0430\u0432\u0442\u043e\u043c\u0430\u0442\u0438\u0437\u043e\u0432\u0430\u043d\u043e\u043c\u0443 \u043f\u0440\u0438\u0439\u043d\u044f\u0442\u0442\u044e \u0440\u0456\u0448\u0435\u043d\u044c, \u0432\u043a\u043b\u044e\u0447\u0430\u044e\u0447\u0438 \u043f\u0440\u043e\u0444\u0456\u043b\u044e\u0432\u0430\u043d\u043d\u044f.<\/p>\n<h2>VIII. \u041f\u0435\u0440\u0435\u0434\u0430\u0447\u0430 \u0434\u0430\u043d\u0438\u0445 \u0437\u0430 \u043c\u0435\u0436\u0456 \u0404\u0421<\/h2>\n<p>\u041f\u0435\u0440\u0441\u043e\u043d\u0430\u043b\u044c\u043d\u0456 \u0434\u0430\u043d\u0456 \u043d\u0435 \u0431\u0443\u0434\u0443\u0442\u044c \u043f\u0435\u0440\u0435\u0434\u0430\u0432\u0430\u0442\u0438\u0441\u044f \u0434\u043e \u0442\u0440\u0435\u0442\u0456\u0445 \u043a\u0440\u0430\u0457\u043d \u0430\u0431\u043e \u043c\u0456\u0436\u043d\u0430\u0440\u043e\u0434\u043d\u0438\u0445 \u043e\u0440\u0433\u0430\u043d\u0456\u0437\u0430\u0446\u0456\u0439.<\/p>\n","protected":false},"excerpt":{"rendered":"<p>I. \u041a\u043e\u043d\u0442\u0430\u043a\u0442\u043d\u0456 \u0434\u0430\u043d\u0456 \u0430\u0434\u043c\u0456\u043d\u0456\u0441\u0442\u0440\u0430\u0442\u043e\u0440\u0430 \u0410\u0434\u043c\u0456\u043d\u0456\u0441\u0442\u0440\u0430\u0442\u043e\u0440\u043e\u043c \u0412\u0430\u0448\u0438\u0445 \u043f\u0435\u0440\u0441\u043e\u043d\u0430\u043b\u044c\u043d\u0438\u0445 \u0434\u0430\u043d\u0438\u0445 \u0454 Texpol Dystrybucja Sp\u00f3\u0142ka z ograniczon\u0105 odpowiedzialno\u015bci\u0105 Sp\u00f3\u0142ka komandytowa \u0437 \u043c\u0456\u0441\u0446\u0435\u0437\u043d\u0430\u0445\u043e\u0434\u0436\u0435\u043d\u043d\u044f\u043c \u0443 \u0425\u0430\u043b\u0443\u043f\u043a\u0430\u0445-\u0414\u0435\u043c\u0431\u043d\u044f\u043d\u0441\u044c\u043a\u0438\u0445, Cha\u0142upki D\u0119bnia\u0144skie 246, 37-305 D\u0119bno, \u0437\u0430\u0440\u0435\u0454\u0441\u0442\u0440\u043e\u0432\u0430\u043d\u0438\u043c \u0443 \u041d\u0430\u0446\u0456\u043e\u043d\u0430\u043b\u044c\u043d\u043e\u043c\u0443 \u0441\u0443\u0434\u043e\u0432\u043e\u043c\u0443 \u0440\u0435\u0454\u0441\u0442\u0440\u0456 \u041e\u043a\u0440\u0443\u0436\u043d\u043e\u0433\u043e \u0441\u0443\u0434\u0443 \u0432 \u0416\u0435\u0448\u0443\u0432\u0456 \u043f\u0456\u0434 \u043d\u043e\u043c\u0435\u0440\u043e\u043c 0000535707. II. \u041c\u0435\u0442\u0430 \u043e\u0431\u0440\u043e\u0431\u043a\u0438 \u043f\u0435\u0440\u0441\u043e\u043d\u0430\u043b\u044c\u043d\u0438\u0445 \u0434\u0430\u043d\u0438\u0445 \u041d\u0430\u0434\u0430\u043d\u043d\u044f \u043f\u0435\u0440\u0441\u043e\u043d\u0430\u043b\u044c\u043d\u0438\u0445 \u0434\u0430\u043d\u0438\u0445 \u0454 \u0434\u043e\u0431\u0440\u043e\u0432\u0456\u043b\u044c\u043d\u0438\u043c, \u0430\u043b\u0435 \u043d\u0435\u043e\u0431\u0445\u0456\u0434\u043d\u0438\u043c \u0434\u043b\u044f \u0443\u043a\u043b\u0430\u0434\u0435\u043d\u043d\u044f \u0456 \u0432\u0438\u043a\u043e\u043d\u0430\u043d\u043d\u044f \u0434\u043e\u0433\u043e\u0432\u043e\u0440\u0443 [&hellip;]<\/p>\n","protected":false},"author":3,"featured_media":0,"parent":0,"menu_order":0,"comment_status":"closed","ping_status":"closed","template":"page-templates\/text.php","meta":[],"yoast_head":"<!-- This site is optimized with the Yoast SEO plugin v18.4.1 - https:\/\/yoast.com\/wordpress\/plugins\/seo\/ -->\n<title>\u0406\u043d\u0444\u043e\u0440\u043c\u0430\u0446\u0456\u0439\u043d\u0435 \u043f\u043e\u0432\u0456\u0434\u043e\u043c\u043b\u0435\u043d\u043d\u044f - Texpol<\/title>\n<meta name=\"robots\" content=\"index, follow, max-snippet:-1, max-image-preview:large, max-video-preview:-1\" \/>\n<link rel=\"canonical\" href=\"https:\/\/texpol.info\/uk\/i\u043d\u0444\u043e\u0440\u043c\u0430\u0446\u0456\u0439\u043d\u0435-\u043f\u043e\u0432\u0456\u0434\u043e\u043c\u043b\u0435\u043d\u043d\u044f\/\" \/>\n<meta property=\"og:locale\" content=\"uk_UA\" \/>\n<meta property=\"og:type\" content=\"article\" \/>\n<meta property=\"og:title\" content=\"\u0406\u043d\u0444\u043e\u0440\u043c\u0430\u0446\u0456\u0439\u043d\u0435 \u043f\u043e\u0432\u0456\u0434\u043e\u043c\u043b\u0435\u043d\u043d\u044f - Texpol\" \/>\n<meta property=\"og:description\" content=\"I. \u041a\u043e\u043d\u0442\u0430\u043a\u0442\u043d\u0456 \u0434\u0430\u043d\u0456 \u0430\u0434\u043c\u0456\u043d\u0456\u0441\u0442\u0440\u0430\u0442\u043e\u0440\u0430 \u0410\u0434\u043c\u0456\u043d\u0456\u0441\u0442\u0440\u0430\u0442\u043e\u0440\u043e\u043c \u0412\u0430\u0448\u0438\u0445 \u043f\u0435\u0440\u0441\u043e\u043d\u0430\u043b\u044c\u043d\u0438\u0445 \u0434\u0430\u043d\u0438\u0445 \u0454 Texpol Dystrybucja Sp\u00f3\u0142ka z ograniczon\u0105 odpowiedzialno\u015bci\u0105 Sp\u00f3\u0142ka komandytowa \u0437 \u043c\u0456\u0441\u0446\u0435\u0437\u043d\u0430\u0445\u043e\u0434\u0436\u0435\u043d\u043d\u044f\u043c \u0443 \u0425\u0430\u043b\u0443\u043f\u043a\u0430\u0445-\u0414\u0435\u043c\u0431\u043d\u044f\u043d\u0441\u044c\u043a\u0438\u0445, Cha\u0142upki D\u0119bnia\u0144skie 246, 37-305 D\u0119bno, \u0437\u0430\u0440\u0435\u0454\u0441\u0442\u0440\u043e\u0432\u0430\u043d\u0438\u043c \u0443 \u041d\u0430\u0446\u0456\u043e\u043d\u0430\u043b\u044c\u043d\u043e\u043c\u0443 \u0441\u0443\u0434\u043e\u0432\u043e\u043c\u0443 \u0440\u0435\u0454\u0441\u0442\u0440\u0456 \u041e\u043a\u0440\u0443\u0436\u043d\u043e\u0433\u043e \u0441\u0443\u0434\u0443 \u0432 \u0416\u0435\u0448\u0443\u0432\u0456 \u043f\u0456\u0434 \u043d\u043e\u043c\u0435\u0440\u043e\u043c 0000535707. II. \u041c\u0435\u0442\u0430 \u043e\u0431\u0440\u043e\u0431\u043a\u0438 \u043f\u0435\u0440\u0441\u043e\u043d\u0430\u043b\u044c\u043d\u0438\u0445 \u0434\u0430\u043d\u0438\u0445 \u041d\u0430\u0434\u0430\u043d\u043d\u044f \u043f\u0435\u0440\u0441\u043e\u043d\u0430\u043b\u044c\u043d\u0438\u0445 \u0434\u0430\u043d\u0438\u0445 \u0454 \u0434\u043e\u0431\u0440\u043e\u0432\u0456\u043b\u044c\u043d\u0438\u043c, \u0430\u043b\u0435 \u043d\u0435\u043e\u0431\u0445\u0456\u0434\u043d\u0438\u043c \u0434\u043b\u044f \u0443\u043a\u043b\u0430\u0434\u0435\u043d\u043d\u044f \u0456 \u0432\u0438\u043a\u043e\u043d\u0430\u043d\u043d\u044f \u0434\u043e\u0433\u043e\u0432\u043e\u0440\u0443 [&hellip;]\" \/>\n<meta property=\"og:url\" content=\"https:\/\/texpol.info\/uk\/i\u043d\u0444\u043e\u0440\u043c\u0430\u0446\u0456\u0439\u043d\u0435-\u043f\u043e\u0432\u0456\u0434\u043e\u043c\u043b\u0435\u043d\u043d\u044f\/\" \/>\n<meta property=\"og:site_name\" content=\"Texpol\" \/>\n<meta property=\"article:modified_time\" content=\"2025-07-18T09:50:14+00:00\" \/>\n<meta name=\"twitter:card\" content=\"summary_large_image\" \/>\n<meta name=\"twitter:label1\" content=\"\u041f\u0440\u0438\u0431\u043b. \u0447\u0430\u0441 \u0447\u0438\u0442\u0430\u043d\u043d\u044f\" \/>\n\t<meta name=\"twitter:data1\" content=\"12 \u0445\u0432\u0438\u043b\u0438\u043d\" \/>\n<script type=\"application\/ld+json\" class=\"yoast-schema-graph\">{\"@context\":\"https:\/\/schema.org\",\"@graph\":[{\"@type\":\"WebSite\",\"@id\":\"https:\/\/texpol.info\/#website\",\"url\":\"https:\/\/texpol.info\/\",\"name\":\"Texpol\",\"description\":\"Dystrybucja, Produkcja, Centrum Narz\u0119dziowe, Serwis\",\"potentialAction\":[{\"@type\":\"SearchAction\",\"target\":{\"@type\":\"EntryPoint\",\"urlTemplate\":\"https:\/\/texpol.info\/?s={search_term_string}\"},\"query-input\":\"required name=search_term_string\"}],\"inLanguage\":\"uk\"},{\"@type\":\"WebPage\",\"@id\":\"https:\/\/texpol.info\/uk\/i%d0%bd%d1%84%d0%be%d1%80%d0%bc%d0%b0%d1%86%d1%96%d0%b9%d0%bd%d0%b5-%d0%bf%d0%be%d0%b2%d1%96%d0%b4%d0%be%d0%bc%d0%bb%d0%b5%d0%bd%d0%bd%d1%8f\/#webpage\",\"url\":\"https:\/\/texpol.info\/uk\/i%d0%bd%d1%84%d0%be%d1%80%d0%bc%d0%b0%d1%86%d1%96%d0%b9%d0%bd%d0%b5-%d0%bf%d0%be%d0%b2%d1%96%d0%b4%d0%be%d0%bc%d0%bb%d0%b5%d0%bd%d0%bd%d1%8f\/\",\"name\":\"\u0406\u043d\u0444\u043e\u0440\u043c\u0430\u0446\u0456\u0439\u043d\u0435 \u043f\u043e\u0432\u0456\u0434\u043e\u043c\u043b\u0435\u043d\u043d\u044f - Texpol\",\"isPartOf\":{\"@id\":\"https:\/\/texpol.info\/#website\"},\"datePublished\":\"2025-07-18T09:47:44+00:00\",\"dateModified\":\"2025-07-18T09:50:14+00:00\",\"breadcrumb\":{\"@id\":\"https:\/\/texpol.info\/uk\/i%d0%bd%d1%84%d0%be%d1%80%d0%bc%d0%b0%d1%86%d1%96%d0%b9%d0%bd%d0%b5-%d0%bf%d0%be%d0%b2%d1%96%d0%b4%d0%be%d0%bc%d0%bb%d0%b5%d0%bd%d0%bd%d1%8f\/#breadcrumb\"},\"inLanguage\":\"uk\",\"potentialAction\":[{\"@type\":\"ReadAction\",\"target\":[\"https:\/\/texpol.info\/uk\/i%d0%bd%d1%84%d0%be%d1%80%d0%bc%d0%b0%d1%86%d1%96%d0%b9%d0%bd%d0%b5-%d0%bf%d0%be%d0%b2%d1%96%d0%b4%d0%be%d0%bc%d0%bb%d0%b5%d0%bd%d0%bd%d1%8f\/\"]}]},{\"@type\":\"BreadcrumbList\",\"@id\":\"https:\/\/texpol.info\/uk\/i%d0%bd%d1%84%d0%be%d1%80%d0%bc%d0%b0%d1%86%d1%96%d0%b9%d0%bd%d0%b5-%d0%bf%d0%be%d0%b2%d1%96%d0%b4%d0%be%d0%bc%d0%bb%d0%b5%d0%bd%d0%bd%d1%8f\/#breadcrumb\",\"itemListElement\":[{\"@type\":\"ListItem\",\"position\":1,\"name\":\"\u0413\u043e\u043b\u043e\u0432\u043d\u0430 \u0421\u0442\u043e\u0440\u0456\u043d\u043a\u0430\",\"item\":\"https:\/\/texpol.info\/\"},{\"@type\":\"ListItem\",\"position\":2,\"name\":\"\u0406\u043d\u0444\u043e\u0440\u043c\u0430\u0446\u0456\u0439\u043d\u0435 \u043f\u043e\u0432\u0456\u0434\u043e\u043c\u043b\u0435\u043d\u043d\u044f\"}]}]}<\/script>\n<!-- \/ Yoast SEO plugin. -->","yoast_head_json":{"title":"\u0406\u043d\u0444\u043e\u0440\u043c\u0430\u0446\u0456\u0439\u043d\u0435 \u043f\u043e\u0432\u0456\u0434\u043e\u043c\u043b\u0435\u043d\u043d\u044f - Texpol","robots":{"index":"index","follow":"follow","max-snippet":"max-snippet:-1","max-image-preview":"max-image-preview:large","max-video-preview":"max-video-preview:-1"},"canonical":"https:\/\/texpol.info\/uk\/i\u043d\u0444\u043e\u0440\u043c\u0430\u0446\u0456\u0439\u043d\u0435-\u043f\u043e\u0432\u0456\u0434\u043e\u043c\u043b\u0435\u043d\u043d\u044f\/","og_locale":"uk_UA","og_type":"article","og_title":"\u0406\u043d\u0444\u043e\u0440\u043c\u0430\u0446\u0456\u0439\u043d\u0435 \u043f\u043e\u0432\u0456\u0434\u043e\u043c\u043b\u0435\u043d\u043d\u044f - Texpol","og_description":"I. \u041a\u043e\u043d\u0442\u0430\u043a\u0442\u043d\u0456 \u0434\u0430\u043d\u0456 \u0430\u0434\u043c\u0456\u043d\u0456\u0441\u0442\u0440\u0430\u0442\u043e\u0440\u0430 \u0410\u0434\u043c\u0456\u043d\u0456\u0441\u0442\u0440\u0430\u0442\u043e\u0440\u043e\u043c \u0412\u0430\u0448\u0438\u0445 \u043f\u0435\u0440\u0441\u043e\u043d\u0430\u043b\u044c\u043d\u0438\u0445 \u0434\u0430\u043d\u0438\u0445 \u0454 Texpol Dystrybucja Sp\u00f3\u0142ka z ograniczon\u0105 odpowiedzialno\u015bci\u0105 Sp\u00f3\u0142ka komandytowa \u0437 \u043c\u0456\u0441\u0446\u0435\u0437\u043d\u0430\u0445\u043e\u0434\u0436\u0435\u043d\u043d\u044f\u043c \u0443 \u0425\u0430\u043b\u0443\u043f\u043a\u0430\u0445-\u0414\u0435\u043c\u0431\u043d\u044f\u043d\u0441\u044c\u043a\u0438\u0445, Cha\u0142upki D\u0119bnia\u0144skie 246, 37-305 D\u0119bno, \u0437\u0430\u0440\u0435\u0454\u0441\u0442\u0440\u043e\u0432\u0430\u043d\u0438\u043c \u0443 \u041d\u0430\u0446\u0456\u043e\u043d\u0430\u043b\u044c\u043d\u043e\u043c\u0443 \u0441\u0443\u0434\u043e\u0432\u043e\u043c\u0443 \u0440\u0435\u0454\u0441\u0442\u0440\u0456 \u041e\u043a\u0440\u0443\u0436\u043d\u043e\u0433\u043e \u0441\u0443\u0434\u0443 \u0432 \u0416\u0435\u0448\u0443\u0432\u0456 \u043f\u0456\u0434 \u043d\u043e\u043c\u0435\u0440\u043e\u043c 0000535707. II. \u041c\u0435\u0442\u0430 \u043e\u0431\u0440\u043e\u0431\u043a\u0438 \u043f\u0435\u0440\u0441\u043e\u043d\u0430\u043b\u044c\u043d\u0438\u0445 \u0434\u0430\u043d\u0438\u0445 \u041d\u0430\u0434\u0430\u043d\u043d\u044f \u043f\u0435\u0440\u0441\u043e\u043d\u0430\u043b\u044c\u043d\u0438\u0445 \u0434\u0430\u043d\u0438\u0445 \u0454 \u0434\u043e\u0431\u0440\u043e\u0432\u0456\u043b\u044c\u043d\u0438\u043c, \u0430\u043b\u0435 \u043d\u0435\u043e\u0431\u0445\u0456\u0434\u043d\u0438\u043c \u0434\u043b\u044f \u0443\u043a\u043b\u0430\u0434\u0435\u043d\u043d\u044f \u0456 \u0432\u0438\u043a\u043e\u043d\u0430\u043d\u043d\u044f \u0434\u043e\u0433\u043e\u0432\u043e\u0440\u0443 [&hellip;]","og_url":"https:\/\/texpol.info\/uk\/i\u043d\u0444\u043e\u0440\u043c\u0430\u0446\u0456\u0439\u043d\u0435-\u043f\u043e\u0432\u0456\u0434\u043e\u043c\u043b\u0435\u043d\u043d\u044f\/","og_site_name":"Texpol","article_modified_time":"2025-07-18T09:50:14+00:00","twitter_card":"summary_large_image","twitter_misc":{"\u041f\u0440\u0438\u0431\u043b. \u0447\u0430\u0441 \u0447\u0438\u0442\u0430\u043d\u043d\u044f":"12 \u0445\u0432\u0438\u043b\u0438\u043d"},"schema":{"@context":"https:\/\/schema.org","@graph":[{"@type":"WebSite","@id":"https:\/\/texpol.info\/#website","url":"https:\/\/texpol.info\/","name":"Texpol","description":"Dystrybucja, Produkcja, Centrum Narz\u0119dziowe, Serwis","potentialAction":[{"@type":"SearchAction","target":{"@type":"EntryPoint","urlTemplate":"https:\/\/texpol.info\/?s={search_term_string}"},"query-input":"required name=search_term_string"}],"inLanguage":"uk"},{"@type":"WebPage","@id":"https:\/\/texpol.info\/uk\/i%d0%bd%d1%84%d0%be%d1%80%d0%bc%d0%b0%d1%86%d1%96%d0%b9%d0%bd%d0%b5-%d0%bf%d0%be%d0%b2%d1%96%d0%b4%d0%be%d0%bc%d0%bb%d0%b5%d0%bd%d0%bd%d1%8f\/#webpage","url":"https:\/\/texpol.info\/uk\/i%d0%bd%d1%84%d0%be%d1%80%d0%bc%d0%b0%d1%86%d1%96%d0%b9%d0%bd%d0%b5-%d0%bf%d0%be%d0%b2%d1%96%d0%b4%d0%be%d0%bc%d0%bb%d0%b5%d0%bd%d0%bd%d1%8f\/","name":"\u0406\u043d\u0444\u043e\u0440\u043c\u0430\u0446\u0456\u0439\u043d\u0435 \u043f\u043e\u0432\u0456\u0434\u043e\u043c\u043b\u0435\u043d\u043d\u044f - Texpol","isPartOf":{"@id":"https:\/\/texpol.info\/#website"},"datePublished":"2025-07-18T09:47:44+00:00","dateModified":"2025-07-18T09:50:14+00:00","breadcrumb":{"@id":"https:\/\/texpol.info\/uk\/i%d0%bd%d1%84%d0%be%d1%80%d0%bc%d0%b0%d1%86%d1%96%d0%b9%d0%bd%d0%b5-%d0%bf%d0%be%d0%b2%d1%96%d0%b4%d0%be%d0%bc%d0%bb%d0%b5%d0%bd%d0%bd%d1%8f\/#breadcrumb"},"inLanguage":"uk","potentialAction":[{"@type":"ReadAction","target":["https:\/\/texpol.info\/uk\/i%d0%bd%d1%84%d0%be%d1%80%d0%bc%d0%b0%d1%86%d1%96%d0%b9%d0%bd%d0%b5-%d0%bf%d0%be%d0%b2%d1%96%d0%b4%d0%be%d0%bc%d0%bb%d0%b5%d0%bd%d0%bd%d1%8f\/"]}]},{"@type":"BreadcrumbList","@id":"https:\/\/texpol.info\/uk\/i%d0%bd%d1%84%d0%be%d1%80%d0%bc%d0%b0%d1%86%d1%96%d0%b9%d0%bd%d0%b5-%d0%bf%d0%be%d0%b2%d1%96%d0%b4%d0%be%d0%bc%d0%bb%d0%b5%d0%bd%d0%bd%d1%8f\/#breadcrumb","itemListElement":[{"@type":"ListItem","position":1,"name":"\u0413\u043e\u043b\u043e\u0432\u043d\u0430 \u0421\u0442\u043e\u0440\u0456\u043d\u043a\u0430","item":"https:\/\/texpol.info\/"},{"@type":"ListItem","position":2,"name":"\u0406\u043d\u0444\u043e\u0440\u043c\u0430\u0446\u0456\u0439\u043d\u0435 \u043f\u043e\u0432\u0456\u0434\u043e\u043c\u043b\u0435\u043d\u043d\u044f"}]}]}},"_links":{"self":[{"href":"https:\/\/texpol.info\/uk\/wp-json\/wp\/v2\/pages\/6006"}],"collection":[{"href":"https:\/\/texpol.info\/uk\/wp-json\/wp\/v2\/pages"}],"about":[{"href":"https:\/\/texpol.info\/uk\/wp-json\/wp\/v2\/types\/page"}],"author":[{"embeddable":true,"href":"https:\/\/texpol.info\/uk\/wp-json\/wp\/v2\/users\/3"}],"replies":[{"embeddable":true,"href":"https:\/\/texpol.info\/uk\/wp-json\/wp\/v2\/comments?post=6006"}],"version-history":[{"count":1,"href":"https:\/\/texpol.info\/uk\/wp-json\/wp\/v2\/pages\/6006\/revisions"}],"predecessor-version":[{"id":6008,"href":"https:\/\/texpol.info\/uk\/wp-json\/wp\/v2\/pages\/6006\/revisions\/6008"}],"wp:attachment":[{"href":"https:\/\/texpol.info\/uk\/wp-json\/wp\/v2\/media?parent=6006"}],"curies":[{"name":"wp","href":"https:\/\/api.w.org\/{rel}","templated":true}]}}