{"id":2660,"date":"2021-03-04T16:00:56","date_gmt":"2021-03-04T15:00:56","guid":{"rendered":"https:\/\/texpol.info\/zespol\/"},"modified":"2023-11-30T10:50:09","modified_gmt":"2023-11-30T09:50:09","slug":"%d0%ba%d0%be%d0%bc%d0%b0%d0%bd%d0%b4%d0%b0","status":"publish","type":"page","link":"https:\/\/texpol.info\/uk\/%d0%ba%d0%be%d0%bc%d0%b0%d0%bd%d0%b4%d0%b0\/","title":{"rendered":"Zesp\u00f3\u0142"},"content":{"rendered":"","protected":false},"excerpt":{"rendered":"","protected":false},"author":2,"featured_media":0,"parent":0,"menu_order":0,"comment_status":"closed","ping_status":"closed","template":"page-templates\/team.php","meta":[],"yoast_head":"<!-- This site is optimized with the Yoast SEO plugin v18.4.1 - https:\/\/yoast.com\/wordpress\/plugins\/seo\/ -->\n<title>Zesp\u00f3\u0142 - Texpol<\/title>\n<meta name=\"description\" content=\"Rodzinna firma, kt\u00f3ra rozwijaj\u0105c si\u0119 buduje relacje, a nie struktury. Pierwsze pokolenie naszej organizacji zapewni\u0142o klientom stabilno\u015b\u0107 wsp\u00f3\u0142pracy.\" \/>\n<meta name=\"robots\" content=\"index, follow, max-snippet:-1, max-image-preview:large, max-video-preview:-1\" \/>\n<link rel=\"canonical\" href=\"https:\/\/texpol.info\/uk\/\u043a\u043e\u043c\u0430\u043d\u0434\u0430\/\" \/>\n<meta property=\"og:locale\" content=\"uk_UA\" \/>\n<meta property=\"og:type\" content=\"article\" \/>\n<meta property=\"og:title\" content=\"O firmie Texpol\" \/>\n<meta property=\"og:description\" content=\"Rodzinna firma, kt\u00f3ra rozwijaj\u0105c si\u0119 buduje relacje, a nie struktury. Pierwsze pokolenie naszej organizacji zapewni\u0142o klientom stabilno\u015b\u0107 wsp\u00f3\u0142pracy.\" \/>\n<meta property=\"og:url\" content=\"https:\/\/texpol.info\/uk\/\u043a\u043e\u043c\u0430\u043d\u0434\u0430\/\" \/>\n<meta property=\"og:site_name\" content=\"Texpol\" \/>\n<meta property=\"article:modified_time\" content=\"2023-11-30T09:50:09+00:00\" \/>\n<meta property=\"og:image\" content=\"https:\/\/texpol.info\/wp-content\/uploads\/2021\/03\/family-company.jpg\" \/>\n\t<meta property=\"og:image:width\" content=\"960\" \/>\n\t<meta property=\"og:image:height\" content=\"640\" \/>\n\t<meta property=\"og:image:type\" content=\"image\/jpeg\" \/>\n<meta name=\"twitter:card\" content=\"summary_large_image\" \/>\n<meta name=\"twitter:title\" content=\"O firmie Texpol\" \/>\n<meta name=\"twitter:description\" content=\"Rodzinna firma, kt\u00f3ra rozwijaj\u0105c si\u0119 buduje relacje, a nie struktury. Pierwsze pokolenie naszej organizacji zapewni\u0142o klientom stabilno\u015b\u0107 wsp\u00f3\u0142pracy.\" \/>\n<meta name=\"twitter:image\" content=\"https:\/\/texpol.info\/wp-content\/uploads\/2021\/03\/family-company.jpg\" \/>\n<script type=\"application\/ld+json\" class=\"yoast-schema-graph\">{\"@context\":\"https:\/\/schema.org\",\"@graph\":[{\"@type\":\"WebSite\",\"@id\":\"https:\/\/texpol.info\/#website\",\"url\":\"https:\/\/texpol.info\/\",\"name\":\"Texpol\",\"description\":\"Dystrybucja, Produkcja, Centrum Narz\u0119dziowe, Serwis\",\"potentialAction\":[{\"@type\":\"SearchAction\",\"target\":{\"@type\":\"EntryPoint\",\"urlTemplate\":\"https:\/\/texpol.info\/?s={search_term_string}\"},\"query-input\":\"required name=search_term_string\"}],\"inLanguage\":\"uk\"},{\"@type\":\"ImageObject\",\"@id\":\"https:\/\/texpol.info\/uk\/%d0%ba%d0%be%d0%bc%d0%b0%d0%bd%d0%b4%d0%b0\/#primaryimage\",\"inLanguage\":\"uk\",\"url\":\"https:\/\/texpol.info\/wp-content\/uploads\/2021\/03\/family-company.jpg\",\"contentUrl\":\"https:\/\/texpol.info\/wp-content\/uploads\/2021\/03\/family-company.jpg\",\"width\":960,\"height\":640},{\"@type\":\"WebPage\",\"@id\":\"https:\/\/texpol.info\/uk\/%d0%ba%d0%be%d0%bc%d0%b0%d0%bd%d0%b4%d0%b0\/#webpage\",\"url\":\"https:\/\/texpol.info\/uk\/%d0%ba%d0%be%d0%bc%d0%b0%d0%bd%d0%b4%d0%b0\/\",\"name\":\"Zesp\u00f3\u0142 - Texpol\",\"isPartOf\":{\"@id\":\"https:\/\/texpol.info\/#website\"},\"datePublished\":\"2021-03-04T15:00:56+00:00\",\"dateModified\":\"2023-11-30T09:50:09+00:00\",\"description\":\"Rodzinna firma, kt\u00f3ra rozwijaj\u0105c si\u0119 buduje relacje, a nie struktury. Pierwsze pokolenie naszej organizacji zapewni\u0142o klientom stabilno\u015b\u0107 wsp\u00f3\u0142pracy.\",\"breadcrumb\":{\"@id\":\"https:\/\/texpol.info\/uk\/%d0%ba%d0%be%d0%bc%d0%b0%d0%bd%d0%b4%d0%b0\/#breadcrumb\"},\"inLanguage\":\"uk\",\"potentialAction\":[{\"@type\":\"ReadAction\",\"target\":[\"https:\/\/texpol.info\/uk\/%d0%ba%d0%be%d0%bc%d0%b0%d0%bd%d0%b4%d0%b0\/\"]}]},{\"@type\":\"BreadcrumbList\",\"@id\":\"https:\/\/texpol.info\/uk\/%d0%ba%d0%be%d0%bc%d0%b0%d0%bd%d0%b4%d0%b0\/#breadcrumb\",\"itemListElement\":[{\"@type\":\"ListItem\",\"position\":1,\"name\":\"\u0413\u043e\u043b\u043e\u0432\u043d\u0430 \u0421\u0442\u043e\u0440\u0456\u043d\u043a\u0430\",\"item\":\"https:\/\/texpol.info\/\"},{\"@type\":\"ListItem\",\"position\":2,\"name\":\"Zesp\u00f3\u0142\"}]}]}<\/script>\n<!-- \/ Yoast SEO plugin. -->","yoast_head_json":{"title":"Zesp\u00f3\u0142 - Texpol","description":"Rodzinna firma, kt\u00f3ra rozwijaj\u0105c si\u0119 buduje relacje, a nie struktury. Pierwsze pokolenie naszej organizacji zapewni\u0142o klientom stabilno\u015b\u0107 wsp\u00f3\u0142pracy.","robots":{"index":"index","follow":"follow","max-snippet":"max-snippet:-1","max-image-preview":"max-image-preview:large","max-video-preview":"max-video-preview:-1"},"canonical":"https:\/\/texpol.info\/uk\/\u043a\u043e\u043c\u0430\u043d\u0434\u0430\/","og_locale":"uk_UA","og_type":"article","og_title":"O firmie Texpol","og_description":"Rodzinna firma, kt\u00f3ra rozwijaj\u0105c si\u0119 buduje relacje, a nie struktury. Pierwsze pokolenie naszej organizacji zapewni\u0142o klientom stabilno\u015b\u0107 wsp\u00f3\u0142pracy.","og_url":"https:\/\/texpol.info\/uk\/\u043a\u043e\u043c\u0430\u043d\u0434\u0430\/","og_site_name":"Texpol","article_modified_time":"2023-11-30T09:50:09+00:00","og_image":[{"width":960,"height":640,"url":"https:\/\/texpol.info\/wp-content\/uploads\/2021\/03\/family-company.jpg","type":"image\/jpeg"}],"twitter_card":"summary_large_image","twitter_title":"O firmie Texpol","twitter_description":"Rodzinna firma, kt\u00f3ra rozwijaj\u0105c si\u0119 buduje relacje, a nie struktury. Pierwsze pokolenie naszej organizacji zapewni\u0142o klientom stabilno\u015b\u0107 wsp\u00f3\u0142pracy.","twitter_image":"https:\/\/texpol.info\/wp-content\/uploads\/2021\/03\/family-company.jpg","schema":{"@context":"https:\/\/schema.org","@graph":[{"@type":"WebSite","@id":"https:\/\/texpol.info\/#website","url":"https:\/\/texpol.info\/","name":"Texpol","description":"Dystrybucja, Produkcja, Centrum Narz\u0119dziowe, Serwis","potentialAction":[{"@type":"SearchAction","target":{"@type":"EntryPoint","urlTemplate":"https:\/\/texpol.info\/?s={search_term_string}"},"query-input":"required name=search_term_string"}],"inLanguage":"uk"},{"@type":"ImageObject","@id":"https:\/\/texpol.info\/uk\/%d0%ba%d0%be%d0%bc%d0%b0%d0%bd%d0%b4%d0%b0\/#primaryimage","inLanguage":"uk","url":"https:\/\/texpol.info\/wp-content\/uploads\/2021\/03\/family-company.jpg","contentUrl":"https:\/\/texpol.info\/wp-content\/uploads\/2021\/03\/family-company.jpg","width":960,"height":640},{"@type":"WebPage","@id":"https:\/\/texpol.info\/uk\/%d0%ba%d0%be%d0%bc%d0%b0%d0%bd%d0%b4%d0%b0\/#webpage","url":"https:\/\/texpol.info\/uk\/%d0%ba%d0%be%d0%bc%d0%b0%d0%bd%d0%b4%d0%b0\/","name":"Zesp\u00f3\u0142 - Texpol","isPartOf":{"@id":"https:\/\/texpol.info\/#website"},"datePublished":"2021-03-04T15:00:56+00:00","dateModified":"2023-11-30T09:50:09+00:00","description":"Rodzinna firma, kt\u00f3ra rozwijaj\u0105c si\u0119 buduje relacje, a nie struktury. Pierwsze pokolenie naszej organizacji zapewni\u0142o klientom stabilno\u015b\u0107 wsp\u00f3\u0142pracy.","breadcrumb":{"@id":"https:\/\/texpol.info\/uk\/%d0%ba%d0%be%d0%bc%d0%b0%d0%bd%d0%b4%d0%b0\/#breadcrumb"},"inLanguage":"uk","potentialAction":[{"@type":"ReadAction","target":["https:\/\/texpol.info\/uk\/%d0%ba%d0%be%d0%bc%d0%b0%d0%bd%d0%b4%d0%b0\/"]}]},{"@type":"BreadcrumbList","@id":"https:\/\/texpol.info\/uk\/%d0%ba%d0%be%d0%bc%d0%b0%d0%bd%d0%b4%d0%b0\/#breadcrumb","itemListElement":[{"@type":"ListItem","position":1,"name":"\u0413\u043e\u043b\u043e\u0432\u043d\u0430 \u0421\u0442\u043e\u0440\u0456\u043d\u043a\u0430","item":"https:\/\/texpol.info\/"},{"@type":"ListItem","position":2,"name":"Zesp\u00f3\u0142"}]}]}},"_links":{"self":[{"href":"https:\/\/texpol.info\/uk\/wp-json\/wp\/v2\/pages\/2660"}],"collection":[{"href":"https:\/\/texpol.info\/uk\/wp-json\/wp\/v2\/pages"}],"about":[{"href":"https:\/\/texpol.info\/uk\/wp-json\/wp\/v2\/types\/page"}],"author":[{"embeddable":true,"href":"https:\/\/texpol.info\/uk\/wp-json\/wp\/v2\/users\/2"}],"replies":[{"embeddable":true,"href":"https:\/\/texpol.info\/uk\/wp-json\/wp\/v2\/comments?post=2660"}],"version-history":[{"count":9,"href":"https:\/\/texpol.info\/uk\/wp-json\/wp\/v2\/pages\/2660\/revisions"}],"predecessor-version":[{"id":5530,"href":"https:\/\/texpol.info\/uk\/wp-json\/wp\/v2\/pages\/2660\/revisions\/5530"}],"wp:attachment":[{"href":"https:\/\/texpol.info\/uk\/wp-json\/wp\/v2\/media?parent=2660"}],"curies":[{"name":"wp","href":"https:\/\/api.w.org\/{rel}","templated":true}]}}