{"id":2657,"date":"2021-03-06T13:01:30","date_gmt":"2021-03-06T12:01:30","guid":{"rendered":"https:\/\/texpol.info\/chalupki-debnianskie\/"},"modified":"2023-04-21T09:41:19","modified_gmt":"2023-04-21T07:41:19","slug":"chalupki-debnianskie","status":"publish","type":"page","link":"https:\/\/texpol.info\/uk\/%d0%bc%d0%b0%d0%b3%d0%b0%d0%b7%d0%b8%d0%bd%d0%b8\/chalupki-debnianskie\/","title":{"rendered":"Centrum Narz\u0119dziowe &#8211;  Cha\u0142upki D\u0119bnia\u0144skie"},"content":{"rendered":"","protected":false},"excerpt":{"rendered":"","protected":false},"author":2,"featured_media":0,"parent":2678,"menu_order":0,"comment_status":"closed","ping_status":"closed","template":"page-templates\/shop-page.php","meta":[],"yoast_head":"<!-- This site is optimized with the Yoast SEO plugin v18.4.1 - https:\/\/yoast.com\/wordpress\/plugins\/seo\/ -->\n<title>Centrum Narz\u0119dziowe - Cha\u0142upki D\u0119bnia\u0144skie - Texpol<\/title>\n<meta name=\"description\" content=\"Centrum narz\u0119dziowe Texpol w miejscowo\u015bci Cha\u0142upki D\u0119bnia\u0144skie\" \/>\n<meta name=\"robots\" content=\"index, follow, max-snippet:-1, max-image-preview:large, max-video-preview:-1\" \/>\n<link rel=\"canonical\" href=\"https:\/\/texpol.info\/uk\/\u043c\u0430\u0433\u0430\u0437\u0438\u043d\u0438\/chalupki-debnianskie\/\" \/>\n<meta property=\"og:locale\" content=\"uk_UA\" \/>\n<meta property=\"og:type\" content=\"article\" \/>\n<meta property=\"og:title\" content=\"Centrum Narz\u0119dziowe - Cha\u0142upki D\u0119bnia\u0144skie\" \/>\n<meta property=\"og:description\" content=\"Centrum narz\u0119dziowe Texpol w miejscowo\u015bci Cha\u0142upki D\u0119bnia\u0144skie\" \/>\n<meta property=\"og:url\" content=\"https:\/\/texpol.info\/uk\/\u043c\u0430\u0433\u0430\u0437\u0438\u043d\u0438\/chalupki-debnianskie\/\" \/>\n<meta property=\"og:site_name\" content=\"Texpol\" \/>\n<meta property=\"article:modified_time\" content=\"2023-04-21T07:41:19+00:00\" \/>\n<meta name=\"twitter:card\" content=\"summary_large_image\" \/>\n<meta name=\"twitter:title\" content=\"Centrum Narz\u0119dziowe - Cha\u0142upki D\u0119bnia\u0144skie\" \/>\n<script type=\"application\/ld+json\" class=\"yoast-schema-graph\">{\"@context\":\"https:\/\/schema.org\",\"@graph\":[{\"@type\":\"WebSite\",\"@id\":\"https:\/\/texpol.info\/#website\",\"url\":\"https:\/\/texpol.info\/\",\"name\":\"Texpol\",\"description\":\"Dystrybucja, Produkcja, Centrum Narz\u0119dziowe, Serwis\",\"potentialAction\":[{\"@type\":\"SearchAction\",\"target\":{\"@type\":\"EntryPoint\",\"urlTemplate\":\"https:\/\/texpol.info\/?s={search_term_string}\"},\"query-input\":\"required name=search_term_string\"}],\"inLanguage\":\"uk\"},{\"@type\":\"WebPage\",\"@id\":\"https:\/\/texpol.info\/uk\/%d0%bc%d0%b0%d0%b3%d0%b0%d0%b7%d0%b8%d0%bd%d0%b8\/chalupki-debnianskie\/#webpage\",\"url\":\"https:\/\/texpol.info\/uk\/%d0%bc%d0%b0%d0%b3%d0%b0%d0%b7%d0%b8%d0%bd%d0%b8\/chalupki-debnianskie\/\",\"name\":\"Centrum Narz\u0119dziowe - Cha\u0142upki D\u0119bnia\u0144skie - Texpol\",\"isPartOf\":{\"@id\":\"https:\/\/texpol.info\/#website\"},\"datePublished\":\"2021-03-06T12:01:30+00:00\",\"dateModified\":\"2023-04-21T07:41:19+00:00\",\"description\":\"Centrum narz\u0119dziowe Texpol w miejscowo\u015bci Cha\u0142upki D\u0119bnia\u0144skie\",\"breadcrumb\":{\"@id\":\"https:\/\/texpol.info\/uk\/%d0%bc%d0%b0%d0%b3%d0%b0%d0%b7%d0%b8%d0%bd%d0%b8\/chalupki-debnianskie\/#breadcrumb\"},\"inLanguage\":\"uk\",\"potentialAction\":[{\"@type\":\"ReadAction\",\"target\":[\"https:\/\/texpol.info\/uk\/%d0%bc%d0%b0%d0%b3%d0%b0%d0%b7%d0%b8%d0%bd%d0%b8\/chalupki-debnianskie\/\"]}]},{\"@type\":\"BreadcrumbList\",\"@id\":\"https:\/\/texpol.info\/uk\/%d0%bc%d0%b0%d0%b3%d0%b0%d0%b7%d0%b8%d0%bd%d0%b8\/chalupki-debnianskie\/#breadcrumb\",\"itemListElement\":[{\"@type\":\"ListItem\",\"position\":1,\"name\":\"\u0413\u043e\u043b\u043e\u0432\u043d\u0430 \u0421\u0442\u043e\u0440\u0456\u043d\u043a\u0430\",\"item\":\"https:\/\/texpol.info\/\"},{\"@type\":\"ListItem\",\"position\":2,\"name\":\"\u0421\u043f\u0438\u0441\u043e\u043a \u043c\u0430\u0433\u0430\u0437\u0438\u043d\u0456\u0432\",\"item\":\"https:\/\/texpol.info\/uk\/%d0%bc%d0%b0%d0%b3%d0%b0%d0%b7%d0%b8%d0%bd%d0%b8\/\"},{\"@type\":\"ListItem\",\"position\":3,\"name\":\"Centrum Narz\u0119dziowe &#8211; Cha\u0142upki D\u0119bnia\u0144skie\"}]}]}<\/script>\n<!-- \/ Yoast SEO plugin. -->","yoast_head_json":{"title":"Centrum Narz\u0119dziowe - Cha\u0142upki D\u0119bnia\u0144skie - Texpol","description":"Centrum narz\u0119dziowe Texpol w miejscowo\u015bci Cha\u0142upki D\u0119bnia\u0144skie","robots":{"index":"index","follow":"follow","max-snippet":"max-snippet:-1","max-image-preview":"max-image-preview:large","max-video-preview":"max-video-preview:-1"},"canonical":"https:\/\/texpol.info\/uk\/\u043c\u0430\u0433\u0430\u0437\u0438\u043d\u0438\/chalupki-debnianskie\/","og_locale":"uk_UA","og_type":"article","og_title":"Centrum Narz\u0119dziowe - Cha\u0142upki D\u0119bnia\u0144skie","og_description":"Centrum narz\u0119dziowe Texpol w miejscowo\u015bci Cha\u0142upki D\u0119bnia\u0144skie","og_url":"https:\/\/texpol.info\/uk\/\u043c\u0430\u0433\u0430\u0437\u0438\u043d\u0438\/chalupki-debnianskie\/","og_site_name":"Texpol","article_modified_time":"2023-04-21T07:41:19+00:00","twitter_card":"summary_large_image","twitter_title":"Centrum Narz\u0119dziowe - Cha\u0142upki D\u0119bnia\u0144skie","schema":{"@context":"https:\/\/schema.org","@graph":[{"@type":"WebSite","@id":"https:\/\/texpol.info\/#website","url":"https:\/\/texpol.info\/","name":"Texpol","description":"Dystrybucja, Produkcja, Centrum Narz\u0119dziowe, Serwis","potentialAction":[{"@type":"SearchAction","target":{"@type":"EntryPoint","urlTemplate":"https:\/\/texpol.info\/?s={search_term_string}"},"query-input":"required name=search_term_string"}],"inLanguage":"uk"},{"@type":"WebPage","@id":"https:\/\/texpol.info\/uk\/%d0%bc%d0%b0%d0%b3%d0%b0%d0%b7%d0%b8%d0%bd%d0%b8\/chalupki-debnianskie\/#webpage","url":"https:\/\/texpol.info\/uk\/%d0%bc%d0%b0%d0%b3%d0%b0%d0%b7%d0%b8%d0%bd%d0%b8\/chalupki-debnianskie\/","name":"Centrum Narz\u0119dziowe - Cha\u0142upki D\u0119bnia\u0144skie - Texpol","isPartOf":{"@id":"https:\/\/texpol.info\/#website"},"datePublished":"2021-03-06T12:01:30+00:00","dateModified":"2023-04-21T07:41:19+00:00","description":"Centrum narz\u0119dziowe Texpol w miejscowo\u015bci Cha\u0142upki D\u0119bnia\u0144skie","breadcrumb":{"@id":"https:\/\/texpol.info\/uk\/%d0%bc%d0%b0%d0%b3%d0%b0%d0%b7%d0%b8%d0%bd%d0%b8\/chalupki-debnianskie\/#breadcrumb"},"inLanguage":"uk","potentialAction":[{"@type":"ReadAction","target":["https:\/\/texpol.info\/uk\/%d0%bc%d0%b0%d0%b3%d0%b0%d0%b7%d0%b8%d0%bd%d0%b8\/chalupki-debnianskie\/"]}]},{"@type":"BreadcrumbList","@id":"https:\/\/texpol.info\/uk\/%d0%bc%d0%b0%d0%b3%d0%b0%d0%b7%d0%b8%d0%bd%d0%b8\/chalupki-debnianskie\/#breadcrumb","itemListElement":[{"@type":"ListItem","position":1,"name":"\u0413\u043e\u043b\u043e\u0432\u043d\u0430 \u0421\u0442\u043e\u0440\u0456\u043d\u043a\u0430","item":"https:\/\/texpol.info\/"},{"@type":"ListItem","position":2,"name":"\u0421\u043f\u0438\u0441\u043e\u043a \u043c\u0430\u0433\u0430\u0437\u0438\u043d\u0456\u0432","item":"https:\/\/texpol.info\/uk\/%d0%bc%d0%b0%d0%b3%d0%b0%d0%b7%d0%b8%d0%bd%d0%b8\/"},{"@type":"ListItem","position":3,"name":"Centrum Narz\u0119dziowe &#8211; Cha\u0142upki D\u0119bnia\u0144skie"}]}]}},"_links":{"self":[{"href":"https:\/\/texpol.info\/uk\/wp-json\/wp\/v2\/pages\/2657"}],"collection":[{"href":"https:\/\/texpol.info\/uk\/wp-json\/wp\/v2\/pages"}],"about":[{"href":"https:\/\/texpol.info\/uk\/wp-json\/wp\/v2\/types\/page"}],"author":[{"embeddable":true,"href":"https:\/\/texpol.info\/uk\/wp-json\/wp\/v2\/users\/2"}],"replies":[{"embeddable":true,"href":"https:\/\/texpol.info\/uk\/wp-json\/wp\/v2\/comments?post=2657"}],"version-history":[{"count":4,"href":"https:\/\/texpol.info\/uk\/wp-json\/wp\/v2\/pages\/2657\/revisions"}],"predecessor-version":[{"id":5257,"href":"https:\/\/texpol.info\/uk\/wp-json\/wp\/v2\/pages\/2657\/revisions\/5257"}],"up":[{"embeddable":true,"href":"https:\/\/texpol.info\/uk\/wp-json\/wp\/v2\/pages\/2678"}],"wp:attachment":[{"href":"https:\/\/texpol.info\/uk\/wp-json\/wp\/v2\/media?parent=2657"}],"curies":[{"name":"wp","href":"https:\/\/api.w.org\/{rel}","templated":true}]}}