{"id":2591,"date":"2021-04-28T11:30:54","date_gmt":"2021-04-28T09:30:54","guid":{"rendered":"https:\/\/texpol.info\/rodo\/"},"modified":"2022-10-31T21:42:25","modified_gmt":"2022-10-31T20:42:25","slug":"%d1%80%d0%be%d0%b4%d1%96%d0%b9","status":"publish","type":"page","link":"https:\/\/texpol.info\/uk\/%d1%80%d0%be%d0%b4%d1%96%d0%b9\/","title":{"rendered":"Regulamin \u015bwiadczenia us\u0142ug drog\u0105 elektroniczn\u0105"},"content":{"rendered":"\n<p><strong>I. Postanowienia og\u00f3lne<\/strong><\/p>\n\n\n\n<ol type=\"1\"><li>Niniejszy Regulamin okre\u015bla w szczeg\u00f3lno\u015bci rodzaje i zakres us\u0142ug \u015bwiadczonych drog\u0105 elektroniczn\u0105 przez sp\u00f3\u0142k\u0119 pod firm\u0105 Texpol Dystrybucja Sp\u00f3\u0142ka z ograniczon\u0105 odpowiedzialno\u015bci\u0105 Sp\u00f3\u0142ka komandytowa z siedzib\u0105 w Cha\u0142upkach D\u0119bnia\u0144skich,&nbsp; Cha\u0142upki D\u0119bnia\u0144skie 246, 37-305 D\u0119bno, wpisana do Rejestru Przedsi\u0119biorc\u00f3w Krajowego Rejestru S\u0105dowego prowadzonego przez S\u0105d Rejonowy w Rzeszowie XII Wydzia\u0142 Gospodarczy Krajowego Rejestru S\u0105dowego pod numerem KRS: 0000535707, NIP: 8161529891, REGON: 691535770, adres e-mail: dok@texpol.info, warunki \u015bwiadczenia tych us\u0142ug, warunki zawierania i rozwi\u0105zywania um\u00f3w o \u015bwiadczenie us\u0142ug drog\u0105 elektroniczn\u0105 oraz tryb post\u0119powania reklamacyjnego.<\/li><li>Niniejszy Regulamin stanowi regulamin w rozumieniu art. 8 ustawy z dnia 18 lipca 2002 r. o \u015bwiadczeniu us\u0142ug drog\u0105 elektroniczn\u0105 (Dz. U. z 2013 r. poz. 1422 j.t.).<\/li><li>Regulamin nie ma zastosowania do us\u0142ug \u015bwiadczonych przez Us\u0142ugodawc\u0119 w inny spos\u00f3b, ani te\u017c do us\u0142ug \u015bwiadczonych drog\u0105 elektroniczn\u0105 przez Us\u0142ugodawc\u0119 za po\u015brednictwem innych domen internetowych, ni\u017c domena Serwisu.<\/li><li>Regulamin jest udost\u0119pniony nieodp\u0142atnie za po\u015brednictwem Serwisu w spos\u00f3b umo\u017cliwiaj\u0105cy jego pozyskanie, odtworzenie i utrwalenie. Dost\u0119p do Regulaminu mo\u017cna uzyska\u0107 w ka\u017cdym momencie za po\u015brednictwem linku zamieszczonego w Serwisie, a tak\u017ce poprzez zapisanie go w dowolnym formacie na wybranym przez siebie no\u015bniku.<\/li><li>Natychmiast po wy\u015bwietleniu Serwisu Us\u0142ugobiorca obowi\u0105zany jest do zapoznania si\u0119 z niniejszym Regulaminem. Wy\u015bwietlenie Serwisu jest r\u00f3wnoznaczne z akceptacj\u0105 niniejszego Regulaminu, je\u015bli Us\u0142ugobiorca mia\u0142 okazj\u0119 si\u0119 z nim zapozna\u0107 i w dalszym ci\u0105gu korzysta z Serwisu.<\/li><\/ol>\n\n\n\n<p><strong>II. Definicje<\/strong><\/p>\n\n\n\n<ol type=\"1\"><li>Ilekro\u0107 w niniejszym Regulaminie jest mowa o:<ul><li><strong>Regulaminie<\/strong> ? rozumie si\u0119 przez to niniejszy regulamin \u015bwiadczenia us\u0142ug drog\u0105 elektroniczn\u0105;<\/li><li><strong>Us\u0142ugodawcy<\/strong> ? rozumie si\u0119 przez to sp\u00f3\u0142k\u0119 pod firm\u0105 Texpol Dystrybucja Sp\u00f3\u0142ka z ograniczon\u0105 odpowiedzialno\u015bci\u0105 Sp\u00f3\u0142ka komandytowa z siedzib\u0105 w Cha\u0142upkach D\u0119bnia\u0144skich, Cha\u0142upki D\u0119bnia\u0144skie 246, 37-305 D\u0119bno, wpisana do Rejestru Przedsi\u0119biorc\u00f3w Krajowego Rejestru S\u0105dowego prowadzonego przez S\u0105d Rejonowy w Rzeszowie XII Wydzia\u0142 Gospodarczy Krajowego Rejestru S\u0105dowego pod numerem KRS: 0000535707, NIP: 8161529891, REGON: 691535770, adres e-mail: dok@texpol.info;<\/li><li><strong>Us\u0142ugobiorcy<\/strong> ? rozumie si\u0119 przez to osob\u0119 fizyczn\u0105, osob\u0119 prawn\u0105 oraz jednostk\u0119 organizacyjn\u0105 nie posiadaj\u0105c\u0105 osobowo\u015bci prawnej, kt\u00f3rej ustawa przyznaje zdolno\u015b\u0107 prawn\u0105, korzystaj\u0105ca z Serwisu,<\/li><li><strong>Serwis<\/strong> ? rozumie si\u0119 przez to serwis internetowy dzia\u0142aj\u0105cy pod adresem https:\/\/texpol.info prowadzony przez Us\u0142ugodawc\u0119,<\/li><li><strong>Us\u0142ugi elektroniczne <\/strong>? us\u0142ugi \u015bwiadczone drog\u0105 elektroniczn\u0105 przez Us\u0142ugodawc\u0119 w ramach funkcjonalno\u015bci Serwisu.<\/li><\/ul><\/li><\/ol>\n\n\n\n<p><strong>III. Rodzaje i zakres \u015bwiadczonych us\u0142ug drog\u0105 elektroniczn\u0105<\/strong><\/p>\n\n\n\n<ol type=\"1\"><li>Us\u0142ugodawca \u015bwiadczy za po\u015brednictwem Serwisu nast\u0119puj\u0105ce Us\u0142ugi elektroniczne:<ul><li>udost\u0119pnianie danych i materia\u0142\u00f3w znajduj\u0105cych si\u0119 w Serwisie, zawieraj\u0105cych w szczeg\u00f3lno\u015bci informacje o ofercie oraz dzia\u0142alno\u015bci Us\u0142ugodawcy;<\/li><li>umo\u017cliwienie przes\u0142ania Us\u0142ugodawcy wiadomo\u015bci za po\u015brednictwem formularzy kontaktowych, dost\u0119pnych w ramach Serwisu;<\/li><li>umo\u017cliwienie przes\u0142ania zg\u0142oszenia serwisowego;<\/li><li>umo\u017cliwienie pozostawienia numeru telefonu w celu kontaktu ze strony Us\u0142ugodawcy w ramach widgetu centrali telefonicznej,<\/li><\/ul><\/li><li>Us\u0142ugodawca zastrzega sobie prawo wstrzymania \u015bwiadczenia, wszystkich lub niekt\u00f3rych, Us\u0142ug elektronicznych za po\u015brednictwem Serwisu bez podania przyczyny, a tak\u017ce do ca\u0142kowitego usuni\u0119cia Serwisu, w drodze zmiany niniejszego Regulaminu z poszanowaniem praw Us\u0142ugobiorc\u00f3w.<\/li><\/ol>\n\n\n\n<p><strong>IV. Warunki \u015bwiadczenia us\u0142ug drog\u0105 elektroniczn\u0105<\/strong><\/p>\n\n\n\n<ol type=\"1\"><li>Wymagania techniczne niezb\u0119dne do wsp\u00f3\u0142pracy z systemem teleinformatycznym, za po\u015brednictwem, kt\u00f3rego Us\u0142ugodawca \u015bwiadczy Us\u0142ugi elektroniczne:<ul><li>komputer klasy PC, Mac lub inne urz\u0105dzenie umo\u017cliwiaj\u0105ce korzystanie z Serwisu,<\/li><li>dost\u0119p do sieci Internet,<\/li><li>odpowiednie oprogramowanie w postaci przegl\u0105darki internetowej.<\/li><\/ul><\/li><li>W przypadku korzystania przez Us\u0142ugobiorc\u0119 z Serwisu za po\u015brednictwem tabletu, telefonu lub innego urz\u0105dzenia mobilnego niekt\u00f3re funkcjonalno\u015bci Serwisu mog\u0105 nie dzia\u0142a\u0107 prawid\u0142owo lub nie dzia\u0142a\u0107 wcale, a korzystanie z niekt\u00f3rych Us\u0142ug elektronicznych \u015bwiadczonych w ramach Serwisu mo\u017ce by\u0107 niemo\u017cliwe lub utrudnione.<\/li><li>Zakazuje si\u0119 Us\u0142ugobiorcy dostarczania tre\u015bci o charakterze bezprawnym, a tak\u017ce dokonywania bez zgody Us\u0142ugodawcy jakiejkolwiek ingerencji w tre\u015bci zawarte w Serwisie.<\/li><\/ol>\n\n\n\n<p><strong>V. Umowa o \u015bwiadczenie us\u0142ug drog\u0105 elektroniczn\u0105<\/strong><\/p>\n\n\n\n<ol type=\"1\"><li>Umowa o \u015bwiadczenie us\u0142ug drog\u0105 elektroniczn\u0105 zostaje zawart\u0105 w momencie rozpocz\u0119cia korzystania z danej funkcjonalno\u015bci Serwisu umo\u017cliwiaj\u0105cej skorzystanie z okre\u015blonej us\u0142ugi elektronicznej.<\/li><li>Umowa o \u015bwiadczenie us\u0142ug elektronicznych \u015bwiadczonych za po\u015brednictwem Serwisu zostaje zawarta na czas nieoznaczony i ulega rozwi\u0105zaniu z chwil\u0105 i poprzez zaprzestanie korzystania przez Us\u0142ugobiorc\u0119 z danej us\u0142ugi elektronicznej i bez konieczno\u015bci sk\u0142adania dodatkowych o\u015bwiadcze\u0144.<\/li><\/ol>\n\n\n\n<p><strong>VI. Postanowienia reklamacyjne<\/strong><\/p>\n\n\n\n<ol type=\"1\"><li>W razie wykrycia wad lub przerw w funkcjonowaniu Serwisu Us\u0142ugobiorca uprawniony jest do z\u0142o\u017cenia reklamacji.<\/li><li>Us\u0142ugobiorca mo\u017ce z\u0142o\u017cy\u0107 reklamacj\u0119 pisemnie lub drog\u0105 mailow\u0105 na adres Us\u0142ugodawcy.<\/li><li>Us\u0142ugodawca rozpatrzy reklamacj\u0119 w terminie nie d\u0142u\u017cszym ni\u017c 30 dni od dnia jej otrzymania, informuj\u0105c Us\u0142ugobiorc\u0119 niezw\u0142ocznie o jej wynikach.<\/li><\/ol>\n\n\n\n<p><strong>VII. Postanowienia ko\u0144cowe<\/strong><\/p>\n\n\n\n<ol type=\"1\"><li>Us\u0142ugodawca mo\u017ce dokona\u0107 zmiany postanowie\u0144 Regulaminu po uprzednim poinformowaniu Us\u0142ugobiorc\u00f3w poprzez publikacj\u0119 jednolitego tekstu Regulaminu w Serwisie, nie p\u00f3\u017aniej ni\u017c w terminie 14 dni przed dniem ich wej\u015bcia w \u017cycie.<\/li><li>Je\u017celi Us\u0142ugobiorca nie zgadza si\u0119 na wprowadzenie zmian w Regulaminie uprawniony jest do rozwi\u0105zania umowy o \u015bwiadczenie us\u0142ug drog\u0105 elektroniczn\u0105.<\/li><li>W zakresie nieuregulowanym w niniejszym Regulaminie zastosowanie maj\u0105 przepisy powszechnie obowi\u0105zuj\u0105cego prawa, w tym w szczeg\u00f3lno\u015bci ustawy z dnia 18 lipca 2002 r. o \u015bwiadczeniu us\u0142ug drog\u0105 elektroniczn\u0105.<\/li><li>Wszelkie elementy graficzne Serwisu, zastosowane w nich rozwi\u0105zania techniczne, elementy kontentu, jak i spos\u00f3b w jaki elementy graficzne i kontent s\u0105 przedstawione (uk\u0142ad), jak r\u00f3wnie\u017c oprogramowanie, bazy danych i inne materia\u0142y umieszczone w ramach Serwisu stanowi\u0105 przedmiot prawa autorskiego Us\u0142ugodawcy i podlegaj\u0105 ochronie zgodnie z przepisami ustawy z dnia 4 lutego 1994 r. o prawie autorskim i prawach pokrewnych.&nbsp;<\/li><li>W celu korzystania z Serwisu Administrator udziela Us\u0142ugobiorcom niewy\u0142\u0105cznej, niezbywalnej, nieprzenoszalnej, udzielonej na czas korzystania z Serwisu, Licencji na korzystanie z Serwisu. W ramach udzielonej Licencji Us\u0142ugobiorca uprawniony jest wy\u0142\u0105cznie do tymczasowego zwielokrotniania Serwisu poprzez jego wy\u015bwietlanie w przegl\u0105darce internetowej, a tak\u017ce zapisanie plik\u00f3w tymczasowych, w celu korzystania z dost\u0119pnych funkcjonalno\u015bci w spos\u00f3b zgodny z niniejszym Regulaminem.<\/li><\/ol>\n\n\n\n<p><\/p>\n","protected":false},"excerpt":{"rendered":"<p>I. Postanowienia og\u00f3lne Niniejszy Regulamin okre\u015bla w szczeg\u00f3lno\u015bci rodzaje i zakres us\u0142ug \u015bwiadczonych drog\u0105 elektroniczn\u0105 przez sp\u00f3\u0142k\u0119 pod firm\u0105 Texpol Dystrybucja Sp\u00f3\u0142ka z ograniczon\u0105 odpowiedzialno\u015bci\u0105 Sp\u00f3\u0142ka komandytowa z siedzib\u0105 w Cha\u0142upkach D\u0119bnia\u0144skich,&nbsp; Cha\u0142upki D\u0119bnia\u0144skie 246, 37-305 D\u0119bno, wpisana do Rejestru Przedsi\u0119biorc\u00f3w Krajowego Rejestru S\u0105dowego prowadzonego przez S\u0105d Rejonowy w Rzeszowie XII Wydzia\u0142 Gospodarczy Krajowego Rejestru [&hellip;]<\/p>\n","protected":false},"author":2,"featured_media":0,"parent":0,"menu_order":0,"comment_status":"closed","ping_status":"closed","template":"page-templates\/text.php","meta":[],"yoast_head":"<!-- This site is optimized with the Yoast SEO plugin v18.4.1 - https:\/\/yoast.com\/wordpress\/plugins\/seo\/ -->\n<title>Regulamin \u015bwiadczenia us\u0142ug drog\u0105 elektroniczn\u0105 - Texpol<\/title>\n<meta name=\"robots\" content=\"index, follow, max-snippet:-1, max-image-preview:large, max-video-preview:-1\" \/>\n<link rel=\"canonical\" href=\"https:\/\/texpol.info\/uk\/\u0440\u043e\u0434\u0456\u0439\/\" \/>\n<meta property=\"og:locale\" content=\"uk_UA\" \/>\n<meta property=\"og:type\" content=\"article\" \/>\n<meta property=\"og:title\" content=\"Regulamin \u015bwiadczenia us\u0142ug drog\u0105 elektroniczn\u0105 - Texpol\" \/>\n<meta property=\"og:description\" content=\"I. Postanowienia og\u00f3lne Niniejszy Regulamin okre\u015bla w szczeg\u00f3lno\u015bci rodzaje i zakres us\u0142ug \u015bwiadczonych drog\u0105 elektroniczn\u0105 przez sp\u00f3\u0142k\u0119 pod firm\u0105 Texpol Dystrybucja Sp\u00f3\u0142ka z ograniczon\u0105 odpowiedzialno\u015bci\u0105 Sp\u00f3\u0142ka komandytowa z siedzib\u0105 w Cha\u0142upkach D\u0119bnia\u0144skich,&nbsp; Cha\u0142upki D\u0119bnia\u0144skie 246, 37-305 D\u0119bno, wpisana do Rejestru Przedsi\u0119biorc\u00f3w Krajowego Rejestru S\u0105dowego prowadzonego przez S\u0105d Rejonowy w Rzeszowie XII Wydzia\u0142 Gospodarczy Krajowego Rejestru [&hellip;]\" \/>\n<meta property=\"og:url\" content=\"https:\/\/texpol.info\/uk\/\u0440\u043e\u0434\u0456\u0439\/\" \/>\n<meta property=\"og:site_name\" content=\"Texpol\" \/>\n<meta property=\"article:modified_time\" content=\"2022-10-31T20:42:25+00:00\" \/>\n<meta name=\"twitter:card\" content=\"summary_large_image\" \/>\n<meta name=\"twitter:label1\" content=\"\u041f\u0440\u0438\u0431\u043b. \u0447\u0430\u0441 \u0447\u0438\u0442\u0430\u043d\u043d\u044f\" \/>\n\t<meta name=\"twitter:data1\" content=\"4 \u0445\u0432\u0438\u043b\u0438\u043d\u0438\" \/>\n<script type=\"application\/ld+json\" class=\"yoast-schema-graph\">{\"@context\":\"https:\/\/schema.org\",\"@graph\":[{\"@type\":\"WebSite\",\"@id\":\"https:\/\/texpol.info\/#website\",\"url\":\"https:\/\/texpol.info\/\",\"name\":\"Texpol\",\"description\":\"Dystrybucja, Produkcja, Centrum Narz\u0119dziowe, Serwis\",\"potentialAction\":[{\"@type\":\"SearchAction\",\"target\":{\"@type\":\"EntryPoint\",\"urlTemplate\":\"https:\/\/texpol.info\/?s={search_term_string}\"},\"query-input\":\"required name=search_term_string\"}],\"inLanguage\":\"uk\"},{\"@type\":\"WebPage\",\"@id\":\"https:\/\/texpol.info\/uk\/%d1%80%d0%be%d0%b4%d1%96%d0%b9\/#webpage\",\"url\":\"https:\/\/texpol.info\/uk\/%d1%80%d0%be%d0%b4%d1%96%d0%b9\/\",\"name\":\"Regulamin \u015bwiadczenia us\u0142ug drog\u0105 elektroniczn\u0105 - Texpol\",\"isPartOf\":{\"@id\":\"https:\/\/texpol.info\/#website\"},\"datePublished\":\"2021-04-28T09:30:54+00:00\",\"dateModified\":\"2022-10-31T20:42:25+00:00\",\"breadcrumb\":{\"@id\":\"https:\/\/texpol.info\/uk\/%d1%80%d0%be%d0%b4%d1%96%d0%b9\/#breadcrumb\"},\"inLanguage\":\"uk\",\"potentialAction\":[{\"@type\":\"ReadAction\",\"target\":[\"https:\/\/texpol.info\/uk\/%d1%80%d0%be%d0%b4%d1%96%d0%b9\/\"]}]},{\"@type\":\"BreadcrumbList\",\"@id\":\"https:\/\/texpol.info\/uk\/%d1%80%d0%be%d0%b4%d1%96%d0%b9\/#breadcrumb\",\"itemListElement\":[{\"@type\":\"ListItem\",\"position\":1,\"name\":\"\u0413\u043e\u043b\u043e\u0432\u043d\u0430 \u0421\u0442\u043e\u0440\u0456\u043d\u043a\u0430\",\"item\":\"https:\/\/texpol.info\/\"},{\"@type\":\"ListItem\",\"position\":2,\"name\":\"Regulamin \u015bwiadczenia us\u0142ug drog\u0105 elektroniczn\u0105\"}]}]}<\/script>\n<!-- \/ Yoast SEO plugin. -->","yoast_head_json":{"title":"Regulamin \u015bwiadczenia us\u0142ug drog\u0105 elektroniczn\u0105 - Texpol","robots":{"index":"index","follow":"follow","max-snippet":"max-snippet:-1","max-image-preview":"max-image-preview:large","max-video-preview":"max-video-preview:-1"},"canonical":"https:\/\/texpol.info\/uk\/\u0440\u043e\u0434\u0456\u0439\/","og_locale":"uk_UA","og_type":"article","og_title":"Regulamin \u015bwiadczenia us\u0142ug drog\u0105 elektroniczn\u0105 - Texpol","og_description":"I. Postanowienia og\u00f3lne Niniejszy Regulamin okre\u015bla w szczeg\u00f3lno\u015bci rodzaje i zakres us\u0142ug \u015bwiadczonych drog\u0105 elektroniczn\u0105 przez sp\u00f3\u0142k\u0119 pod firm\u0105 Texpol Dystrybucja Sp\u00f3\u0142ka z ograniczon\u0105 odpowiedzialno\u015bci\u0105 Sp\u00f3\u0142ka komandytowa z siedzib\u0105 w Cha\u0142upkach D\u0119bnia\u0144skich,&nbsp; Cha\u0142upki D\u0119bnia\u0144skie 246, 37-305 D\u0119bno, wpisana do Rejestru Przedsi\u0119biorc\u00f3w Krajowego Rejestru S\u0105dowego prowadzonego przez S\u0105d Rejonowy w Rzeszowie XII Wydzia\u0142 Gospodarczy Krajowego Rejestru [&hellip;]","og_url":"https:\/\/texpol.info\/uk\/\u0440\u043e\u0434\u0456\u0439\/","og_site_name":"Texpol","article_modified_time":"2022-10-31T20:42:25+00:00","twitter_card":"summary_large_image","twitter_misc":{"\u041f\u0440\u0438\u0431\u043b. \u0447\u0430\u0441 \u0447\u0438\u0442\u0430\u043d\u043d\u044f":"4 \u0445\u0432\u0438\u043b\u0438\u043d\u0438"},"schema":{"@context":"https:\/\/schema.org","@graph":[{"@type":"WebSite","@id":"https:\/\/texpol.info\/#website","url":"https:\/\/texpol.info\/","name":"Texpol","description":"Dystrybucja, Produkcja, Centrum Narz\u0119dziowe, Serwis","potentialAction":[{"@type":"SearchAction","target":{"@type":"EntryPoint","urlTemplate":"https:\/\/texpol.info\/?s={search_term_string}"},"query-input":"required name=search_term_string"}],"inLanguage":"uk"},{"@type":"WebPage","@id":"https:\/\/texpol.info\/uk\/%d1%80%d0%be%d0%b4%d1%96%d0%b9\/#webpage","url":"https:\/\/texpol.info\/uk\/%d1%80%d0%be%d0%b4%d1%96%d0%b9\/","name":"Regulamin \u015bwiadczenia us\u0142ug drog\u0105 elektroniczn\u0105 - Texpol","isPartOf":{"@id":"https:\/\/texpol.info\/#website"},"datePublished":"2021-04-28T09:30:54+00:00","dateModified":"2022-10-31T20:42:25+00:00","breadcrumb":{"@id":"https:\/\/texpol.info\/uk\/%d1%80%d0%be%d0%b4%d1%96%d0%b9\/#breadcrumb"},"inLanguage":"uk","potentialAction":[{"@type":"ReadAction","target":["https:\/\/texpol.info\/uk\/%d1%80%d0%be%d0%b4%d1%96%d0%b9\/"]}]},{"@type":"BreadcrumbList","@id":"https:\/\/texpol.info\/uk\/%d1%80%d0%be%d0%b4%d1%96%d0%b9\/#breadcrumb","itemListElement":[{"@type":"ListItem","position":1,"name":"\u0413\u043e\u043b\u043e\u0432\u043d\u0430 \u0421\u0442\u043e\u0440\u0456\u043d\u043a\u0430","item":"https:\/\/texpol.info\/"},{"@type":"ListItem","position":2,"name":"Regulamin \u015bwiadczenia us\u0142ug drog\u0105 elektroniczn\u0105"}]}]}},"_links":{"self":[{"href":"https:\/\/texpol.info\/uk\/wp-json\/wp\/v2\/pages\/2591"}],"collection":[{"href":"https:\/\/texpol.info\/uk\/wp-json\/wp\/v2\/pages"}],"about":[{"href":"https:\/\/texpol.info\/uk\/wp-json\/wp\/v2\/types\/page"}],"author":[{"embeddable":true,"href":"https:\/\/texpol.info\/uk\/wp-json\/wp\/v2\/users\/2"}],"replies":[{"embeddable":true,"href":"https:\/\/texpol.info\/uk\/wp-json\/wp\/v2\/comments?post=2591"}],"version-history":[{"count":2,"href":"https:\/\/texpol.info\/uk\/wp-json\/wp\/v2\/pages\/2591\/revisions"}],"predecessor-version":[{"id":5095,"href":"https:\/\/texpol.info\/uk\/wp-json\/wp\/v2\/pages\/2591\/revisions\/5095"}],"wp:attachment":[{"href":"https:\/\/texpol.info\/uk\/wp-json\/wp\/v2\/media?parent=2591"}],"curies":[{"name":"wp","href":"https:\/\/api.w.org\/{rel}","templated":true}]}}